{"id":123,"date":"2025-10-18T15:15:25","date_gmt":"2025-10-18T15:15:25","guid":{"rendered":"https:\/\/www.datadynamics.ddcm.fr\/?page_id=123"},"modified":"2026-03-21T10:10:43","modified_gmt":"2026-03-21T10:10:43","slug":"realisations","status":"publish","type":"page","link":"https:\/\/www.ddcm.fr\/?page_id=123","title":{"rendered":"realisations"},"content":{"rendered":"\n<div class=\"wp-block-group alignfull has-global-padding is-content-justification-center is-layout-constrained wp-container-core-group-is-layout-4aa805ea wp-block-group-is-layout-constrained\" style=\"min-height:0vh;margin-top:0;margin-bottom:0;padding-top:var(--wp--preset--spacing--70);padding-right:var(--wp--preset--spacing--40);padding-bottom:var(--wp--preset--spacing--70);padding-left:var(--wp--preset--spacing--40)\">\n<div class=\"wp-block-group is-style-default has-large-font-size has-global-padding is-layout-constrained wp-container-core-group-is-layout-1f43ecb4 wp-block-group-is-layout-constrained\" style=\"margin-top:0;margin-bottom:0;padding-right:0;padding-left:0\">\n<h2 class=\"wp-block-heading has-text-align-left has-xx-large-font-size\" style=\"margin-right:0;margin-left:0;padding-right:0;padding-left:0\">Quelles solutions pour quels r\u00e9sultats<\/h2>\n\n\n\n<p class=\"has-text-align-left is-style-default\">Les projets et usages sont tr\u00e8s vari\u00e9s. Notre conception de l&#8217;IA est d&#8217;en faire des assistants, au service des humains, pour vous soulager dans les t\u00e2ches r\u00e9p\u00e9titives et consommatrices de temps.<\/p>\n\n\n\n<p class=\"has-text-align-left\">Vous pouvez ainsi consacrer votre attention et votre expertise sur votre business principal.<\/p>\n<\/div>\n\n\n\n<p class=\"has-text-align-left\">Une solide gouvernance des donn\u00e9es est un \u00e9l\u00e9ment indispensable \u00e0 une IA\/Automatisation performante et \u00e0 la s\u00e9curit\u00e9 de votre activit\u00e9<\/p>\n<\/div>\n\n\n\n<div class=\"wp-block-group alignfull has-global-padding is-layout-constrained wp-container-core-group-is-layout-ebee8dc1 wp-block-group-is-layout-constrained\" style=\"margin-top:0;margin-bottom:0;padding-top:var(--wp--preset--spacing--50);padding-bottom:var(--wp--preset--spacing--50)\">\n<h2 class=\"wp-block-heading alignwide\">Exemple de projets: <\/h2>\n\n\n\n<div class=\"wp-block-columns alignwide is-layout-flex wp-container-core-columns-is-layout-28f84493 wp-block-columns-is-layout-flex\">\n<div class=\"wp-block-column is-layout-flow wp-block-column-is-layout-flow\">\n<figure class=\"wp-block-image size-full\" style=\"margin-bottom:24px\"><img loading=\"lazy\" decoding=\"async\" width=\"296\" height=\"170\" src=\"https:\/\/www.ddcm.fr\/wp-content\/uploads\/2026\/03\/AO-MarchesPublic.jpg\" alt=\"\" class=\"wp-image-258\" style=\"aspect-ratio:3\/2;object-fit:contain\"\/><\/figure>\n\n\n\n<h3 class=\"wp-block-heading\">Assistant Appel d&#8217;offres de March\u00e9s Publics<\/h3>\n\n\n\n<p class=\"has-medium-font-size\">R\u00e9sumer et extraction d&#8217;informations des dossiers de consultations de march\u00e9s publics. Pr\u00e9diction de succ\u00e8s\/rejet, et du prix du service \u00e0 proposer. Arguments importants et Liste de projets similaires pour supporter la note m\u00e9thodologique. <\/p>\n\n\n\n<p class=\"has-medium-font-size\"><strong>Impact:<\/strong> Reduction du temps x10 , %projets gagn\u00e9s +15ppp <\/p>\n\n\n\n<p class=\"has-medium-font-size\">#GenAi #Predictions #Gain Commercial #Productivit\u00e9<\/p>\n<\/div>\n\n\n\n<div class=\"wp-block-column is-layout-flow wp-block-column-is-layout-flow\">\n<figure class=\"wp-block-image size-large\" style=\"margin-bottom:24px\"><img decoding=\"async\" src=\"https:\/\/www.ddcm.fr\/wp-content\/uploads\/2025\/10\/bounding-bow-car-production-factory.jpg\" alt=\"\" style=\"aspect-ratio:3\/2;object-fit:cover\"\/><\/figure>\n\n\n\n<h3 class=\"wp-block-heading\">Assistant v\u00e9rification de la qualit\u00e9 des soudures automobiles<\/h3>\n\n\n\n<p class=\"has-medium-font-size\">Pour chaque image de soudure, identifier la zone d&#8217;int\u00e9r\u00eat, la classifier en fonction des crit\u00e8res de qualit\u00e9 d\u00e9finis par l&#8217;expert.<\/p>\n\n\n\n<p class=\"has-medium-font-size\"><strong>Impact:<\/strong> Gain de temps, Gain de performance.<\/p>\n\n\n\n<p class=\"has-medium-font-size\">#ComputerVision #MachineLearning #Explicabilit\u00e9 #Qualit\u00e9 #Automatisation<\/p>\n<\/div>\n\n\n\n<div class=\"wp-block-column is-layout-flow wp-block-column-is-layout-flow\">\n<figure class=\"wp-block-image alignleft\"><img decoding=\"async\" src=\"https:\/\/www.ddcm.fr\/wp-content\/uploads\/2025\/10\/Biblio-technique-rag-683x1024.jpg\" alt=\"\" style=\"aspect-ratio:3\/2;object-fit:cover\"\/><\/figure>\n\n\n\n<h3 class=\"wp-block-heading\">Assistant de Connaissances Internes<\/h3>\n\n\n\n<p class=\"has-medium-font-size\">Savez-vous que les collaborateurs passent 30% de leur temps \u00e0 chercher des informations internes? Am\u00e9liorer l&#8217;acc\u00e8s \u00e0 l&#8217;information interne et l&#8217;efficacit\u00e9 des collaborateurs en fournissant des r\u00e9ponses rapides, pr\u00e9cises et contextuelles aux questions techniques. <\/p>\n\n\n\n<p class=\"has-medium-font-size\"><strong>Impact:<\/strong> Gain d&#8217;efficacit\u00e9, Gestion documentaire, Information management<\/p>\n\n\n\n<p class=\"has-medium-font-size\">#ChatBot #RAG #GED<\/p>\n<\/div>\n<\/div>\n\n\n\n<div class=\"wp-block-columns alignwide is-layout-flex wp-container-core-columns-is-layout-28f84493 wp-block-columns-is-layout-flex\">\n<div class=\"wp-block-column is-layout-flow wp-block-column-is-layout-flow\">\n<figure class=\"wp-block-image aligncenter size-medium\" style=\"margin-bottom:24px\"><img loading=\"lazy\" decoding=\"async\" width=\"300\" height=\"284\" src=\"https:\/\/www.ddcm.fr\/wp-content\/uploads\/2025\/10\/AI-ethics-principles-300x284.png\" alt=\"\" class=\"wp-image-140\" style=\"aspect-ratio:3\/2;object-fit:cover\" srcset=\"https:\/\/www.ddcm.fr\/wp-content\/uploads\/2025\/10\/AI-ethics-principles-300x284.png 300w, https:\/\/www.ddcm.fr\/wp-content\/uploads\/2025\/10\/AI-ethics-principles.png 643w\" sizes=\"auto, (max-width: 300px) 100vw, 300px\" \/><\/figure>\n\n\n\n<h3 class=\"wp-block-heading\">Conformit\u00e9 \u00e0 l&#8217;AI Act et Gouvernance des donn\u00e9es<\/h3>\n\n\n\n<p class=\"has-medium-font-size\">Evalue les nouveaux syst\u00e8mes d&#8217;IA de l&#8217;entreprise pour d\u00e9terminer leur classification selon le futur <strong>AI Act europ\u00e9en<\/strong>, en particulier s&#8217;ils sont consid\u00e9r\u00e9s comme &#8220;\u00e0 haut risque&#8221;. Mise en place d&#8217;un plan de conformit\u00e9 d\u00e9taill\u00e9, y compris les exigences de documentation, de gestion des risques, de surveillance humaine et de transparence <\/p>\n\n\n\n<p class=\"has-medium-font-size\"><strong>Impact :<\/strong> S\u00e9curisation juridique des projets d&#8217;IA, r\u00e9duction des risques de non-conformit\u00e9<\/p>\n\n\n\n<p class=\"has-medium-font-size\">#AIAct #Compliance #GouvernanceIA #RiskManagement #Securit\u00e9<\/p>\n<\/div>\n\n\n\n<div class=\"wp-block-column is-layout-flow wp-block-column-is-layout-flow\">\n<figure class=\"wp-block-image aligncenter size-full\" style=\"margin-bottom:24px\"><img loading=\"lazy\" decoding=\"async\" width=\"344\" height=\"294\" src=\"https:\/\/www.ddcm.fr\/wp-content\/uploads\/2026\/03\/AgentIA-JCM.png\" alt=\"\" class=\"wp-image-260\" style=\"aspect-ratio:3\/2;object-fit:cover\" srcset=\"https:\/\/www.ddcm.fr\/wp-content\/uploads\/2026\/03\/AgentIA-JCM.png 344w, https:\/\/www.ddcm.fr\/wp-content\/uploads\/2026\/03\/AgentIA-JCM-300x256.png 300w\" sizes=\"auto, (max-width: 344px) 100vw, 344px\" \/><\/figure>\n\n\n\n<h3 class=\"wp-block-heading\">Agent IA : Assistant Personnel<\/h3>\n\n\n\n<p class=\"has-medium-font-size\">Une architecture : un orchestrateur (LLM) qui d\u00e9cide quoi faire, une base de contexte (notes, historique, donn\u00e9es), des outils\/fonctions (APIs, actions personnalis\u00e9es), des interfaces (commandes, langage naturel)<br>Optimisation : autonomie (vs validation contr\u00f4le des actions risqu\u00e9e), s\u00e9curit\u00e9 (des donn\u00e9es, des acc\u00e8s), personnalisation (choix d\u2019applis et automatisation vraiment utiles)<\/p>\n\n\n\n<p class=\"has-medium-font-size\"><strong>Impact :<\/strong> Gain de temps, Productivit\u00e9 personnelle<\/p>\n\n\n\n<p class=\"has-medium-font-size\">#AI Agent #Productivit\u00e9 #API<\/p>\n<\/div>\n<\/div>\n<\/div>\n","protected":false},"excerpt":{"rendered":"<p>Quelles solutions pour quels r\u00e9sultats Les projets et usages sont tr\u00e8s vari\u00e9s. Notre conception de l&#8217;IA est d&#8217;en faire des assistants, au service des humains, pour vous soulager dans les t\u00e2ches r\u00e9p\u00e9titives et consommatrices de temps. Vous pouvez ainsi consacrer votre attention et votre expertise sur votre business principal. Une solide gouvernance des donn\u00e9es est [&hellip;]<\/p>\n","protected":false},"author":1,"featured_media":0,"parent":47,"menu_order":0,"comment_status":"closed","ping_status":"closed","template":"","meta":{"footnotes":""},"class_list":["post-123","page","type-page","status-publish","hentry"],"aioseo_notices":[],"_links":{"self":[{"href":"https:\/\/www.ddcm.fr\/index.php?rest_route=\/wp\/v2\/pages\/123","targetHints":{"allow":["GET"]}}],"collection":[{"href":"https:\/\/www.ddcm.fr\/index.php?rest_route=\/wp\/v2\/pages"}],"about":[{"href":"https:\/\/www.ddcm.fr\/index.php?rest_route=\/wp\/v2\/types\/page"}],"author":[{"embeddable":true,"href":"https:\/\/www.ddcm.fr\/index.php?rest_route=\/wp\/v2\/users\/1"}],"replies":[{"embeddable":true,"href":"https:\/\/www.ddcm.fr\/index.php?rest_route=%2Fwp%2Fv2%2Fcomments&post=123"}],"version-history":[{"count":22,"href":"https:\/\/www.ddcm.fr\/index.php?rest_route=\/wp\/v2\/pages\/123\/revisions"}],"predecessor-version":[{"id":279,"href":"https:\/\/www.ddcm.fr\/index.php?rest_route=\/wp\/v2\/pages\/123\/revisions\/279"}],"up":[{"embeddable":true,"href":"https:\/\/www.ddcm.fr\/index.php?rest_route=\/wp\/v2\/pages\/47"}],"wp:attachment":[{"href":"https:\/\/www.ddcm.fr\/index.php?rest_route=%2Fwp%2Fv2%2Fmedia&parent=123"}],"curies":[{"name":"wp","href":"https:\/\/api.w.org\/{rel}","templated":true}]}}