{"id":234,"date":"2026-03-20T14:26:28","date_gmt":"2026-03-20T14:26:28","guid":{"rendered":"https:\/\/www.ddcm.fr\/?page_id=234"},"modified":"2026-03-21T10:35:34","modified_gmt":"2026-03-21T10:35:34","slug":"234-2","status":"publish","type":"page","link":"https:\/\/www.ddcm.fr\/?page_id=234","title":{"rendered":"ADN Soci\u00e9t\u00e9 et Expertise JC Monceau"},"content":{"rendered":"\n<h2 class=\"wp-block-heading\">L&#8217;ADN:<\/h2>\n\n\n\n<p><strong>Data Dynamics Consulting<\/strong>, lanc\u00e9 en janvier 2026, capitalise sur plus de 20 ans d\u2019exp\u00e9rience de Jean-Charles Monceau dans la delivery de programmes complexes et la transformation d\u2019organisations tech et industrielles globales.<\/p>\n\n\n\n<p>Le cabinet con\u00e7oit et d\u00e9ploie des solutions data et IA orient\u00e9es business impact : automatisation, mod\u00e8les pr\u00e9dictifs, optimisation des op\u00e9rations et performance commerciale.<\/p>\n\n\n\n<p>Positionn\u00e9 \u00e0 la convergence de la strat\u00e9gie, de la data et de l\u2019ex\u00e9cution, Data Dynamics Consulting transforme des enjeux m\u00e9tiers en syst\u00e8mes op\u00e9rationnels scalables et mesurables.<\/p>\n\n\n\n<div class=\"wp-block-group alignfull is-style-section-1 has-global-padding is-layout-constrained wp-container-core-group-is-layout-cdf985e3 wp-block-group-is-layout-constrained is-style-section-1--1\" style=\"min-height:100vh;margin-top:0;margin-bottom:0;padding-top:var(--wp--preset--spacing--80);padding-right:var(--wp--preset--spacing--80);padding-bottom:var(--wp--preset--spacing--80);padding-left:var(--wp--preset--spacing--80)\">\n<div class=\"wp-block-columns alignwide are-vertically-aligned-center is-layout-flex wp-container-core-columns-is-layout-643ced6b wp-block-columns-is-layout-flex\">\n<div class=\"wp-block-column is-vertically-aligned-center is-layout-flow wp-block-column-is-layout-flow\">\n<figure class=\"wp-block-image aligncenter size-medium has-custom-border\"><img loading=\"lazy\" decoding=\"async\" width=\"300\" height=\"238\" src=\"https:\/\/www.ddcm.fr\/wp-content\/uploads\/2026\/03\/JC_Profile-Janv26-300x238.png\" alt=\"\" class=\"wp-image-235\" style=\"border-top-left-radius:150px;border-bottom-right-radius:150px;object-fit:cover\" srcset=\"https:\/\/www.ddcm.fr\/wp-content\/uploads\/2026\/03\/JC_Profile-Janv26-300x238.png 300w, https:\/\/www.ddcm.fr\/wp-content\/uploads\/2026\/03\/JC_Profile-Janv26-768x610.png 768w, https:\/\/www.ddcm.fr\/wp-content\/uploads\/2026\/03\/JC_Profile-Janv26.png 965w\" sizes=\"auto, (max-width: 300px) 100vw, 300px\" \/><\/figure>\n<\/div>\n\n\n\n<div class=\"wp-block-column is-vertically-aligned-center is-layout-flow wp-block-column-is-layout-flow\">\n<div class=\"wp-block-group is-vertical is-content-justification-stretch is-layout-flex wp-container-core-group-is-layout-353c4f5a wp-block-group-is-layout-flex\">\n<h2 class=\"wp-block-heading has-text-align-left\">Jean-Charles Monceau<\/h2>\n\n\n\n<ul class=\"wp-block-list\">\n<li>Dipl\u00f4m\u00e9 de CentraleSupelec (Master Intelligence Artificielle de Confiance), et Epita (Ing\u00e9nieur en Computeur Science et T\u00e9l\u00e9communications)<\/li>\n\n\n\n<li>Senior Director chez Nokia, et exp\u00e9riences\/missions dans PME (Services) , et secteurs Bancaire, D\u00e9fense, &#8230;<\/li>\n<\/ul>\n<\/div>\n<\/div>\n<\/div>\n\n\n\n<div class=\"wp-block-columns is-layout-flex wp-container-core-columns-is-layout-28f84493 wp-block-columns-is-layout-flex\">\n<div class=\"wp-block-column is-layout-flow wp-block-column-is-layout-flow\">\n<p><strong>Domaines d\u2019expertise :<\/strong><\/p>\n\n\n\n<ul class=\"wp-block-list\">\n<li>Gouvernance Data\/IA<\/li>\n\n\n\n<li>Transformation organisationnelle<\/li>\n\n\n\n<li>Performance avant-vente complexe<\/li>\n\n\n\n<li>Pilotage programmes internationaux<\/li>\n<\/ul>\n<\/div>\n\n\n\n<div class=\"wp-block-column is-layout-flow wp-block-column-is-layout-flow\">\n<p><strong>Comp\u00e9tences cl\u00e9s:<\/strong><\/p>\n\n\n\n<ul class=\"wp-block-list\">\n<li>Mangement: Pilotage de programmes et Gestion du changement, Leadership international<\/li>\n\n\n\n<li>Excellence op\u00e9rationnelle: R&amp;D, Projet, IT, Finance, RH, Commerciale (pre-sales, post-sales <\/li>\n\n\n\n<li>M\u00e9thodes: Agile\/Scrum\/SaFe, PMO, Design Thinking, Architecture Syst\u00e8me<\/li>\n\n\n\n<li>Outils: Salesforce\/CRM, PowerBI\/Apps, Excel,  Databricks, Google Cloud, Python\/C, SQL<\/li>\n\n\n\n<li>Data\/IA: Machine Learning, LLM\/GenAI, Agentic AI, Computer Vision, ML Ops, Data Governance<\/li>\n<\/ul>\n<\/div>\n<\/div>\n<\/div>\n","protected":false},"excerpt":{"rendered":"<p>L&#8217;ADN: Data Dynamics Consulting, lanc\u00e9 en janvier 2026, capitalise sur plus de 20 ans d\u2019exp\u00e9rience de Jean-Charles Monceau dans la delivery de programmes complexes et la transformation d\u2019organisations tech et industrielles globales. Le cabinet con\u00e7oit et d\u00e9ploie des solutions data et IA orient\u00e9es business impact : automatisation, mod\u00e8les pr\u00e9dictifs, optimisation des op\u00e9rations et performance commerciale. [&hellip;]<\/p>\n","protected":false},"author":1,"featured_media":0,"parent":0,"menu_order":0,"comment_status":"closed","ping_status":"closed","template":"","meta":{"footnotes":""},"class_list":["post-234","page","type-page","status-publish","hentry"],"aioseo_notices":[],"_links":{"self":[{"href":"https:\/\/www.ddcm.fr\/index.php?rest_route=\/wp\/v2\/pages\/234","targetHints":{"allow":["GET"]}}],"collection":[{"href":"https:\/\/www.ddcm.fr\/index.php?rest_route=\/wp\/v2\/pages"}],"about":[{"href":"https:\/\/www.ddcm.fr\/index.php?rest_route=\/wp\/v2\/types\/page"}],"author":[{"embeddable":true,"href":"https:\/\/www.ddcm.fr\/index.php?rest_route=\/wp\/v2\/users\/1"}],"replies":[{"embeddable":true,"href":"https:\/\/www.ddcm.fr\/index.php?rest_route=%2Fwp%2Fv2%2Fcomments&post=234"}],"version-history":[{"count":8,"href":"https:\/\/www.ddcm.fr\/index.php?rest_route=\/wp\/v2\/pages\/234\/revisions"}],"predecessor-version":[{"id":287,"href":"https:\/\/www.ddcm.fr\/index.php?rest_route=\/wp\/v2\/pages\/234\/revisions\/287"}],"wp:attachment":[{"href":"https:\/\/www.ddcm.fr\/index.php?rest_route=%2Fwp%2Fv2%2Fmedia&parent=234"}],"curies":[{"name":"wp","href":"https:\/\/api.w.org\/{rel}","templated":true}]}}