{"id":242,"date":"2026-03-20T18:00:16","date_gmt":"2026-03-20T18:00:16","guid":{"rendered":"https:\/\/www.ddcm.fr\/?page_id=242"},"modified":"2026-03-21T10:47:04","modified_gmt":"2026-03-21T10:47:04","slug":"la-proposition","status":"publish","type":"page","link":"https:\/\/www.ddcm.fr\/?page_id=242","title":{"rendered":"La proposition"},"content":{"rendered":"\n<div class=\"wp-block-buttons alignwide is-vertical is-content-justification-center is-nowrap is-layout-flex wp-container-core-buttons-is-layout-9e0b68fa wp-block-buttons-is-layout-flex\" style=\"border-style:none;border-width:0px;border-top-left-radius:48px;border-top-right-radius:48px;border-bottom-left-radius:48px;border-bottom-right-radius:48px;margin-top:var(--wp--preset--spacing--60);margin-bottom:var(--wp--preset--spacing--60);padding-right:var(--wp--preset--spacing--70);padding-left:var(--wp--preset--spacing--70)\">\n<div class=\"wp-block-button\"><a class=\"wp-block-button__link has-base-color has-text-color has-link-color wp-element-button\" href=\"#MOA\" style=\"padding-top:0;padding-bottom:0\"><strong>Maitrise d&#8217;oeuvre<\/strong>: strat\u00e9gie et d\u00e9ploiement IA<\/a><\/div>\n\n\n\n<div class=\"wp-block-button\"><a class=\"wp-block-button__link has-base-color has-text-color has-link-color wp-element-button\" href=\"#Veille\" style=\"padding-top:0;padding-bottom:0\"><strong>Conseil Expert et Veille Technologique, Formation<\/strong><\/a><\/div>\n\n\n\n<div class=\"wp-block-button\"><a class=\"wp-block-button__link has-base-color has-text-color has-link-color wp-element-button\" href=\"#Freelance\" style=\"padding-top:0;padding-bottom:0\"><strong>Freelance:<\/strong> Chef de projet<\/a><\/div>\n<\/div>\n\n\n\n<p>  <\/p>\n\n\n\n<p>D\u00e9finir et Impl\u00e9menter la solution IA de confiance, et d&#8217;automatisation adapt\u00e9e \u00e0 vos besoins<\/p>\n\n\n\n<p>Nous concevons des strat\u00e9gies de donn\u00e9es, en parfaite ad\u00e9quation avec vos objectifs d&#8217;entreprise.<\/p>\n\n\n\n<p><\/p>\n\n\n\n<h2 class=\"wp-block-heading\" id=\"MOA\"><strong>Maitrise d&#8217;oeuvre<\/strong>: strat\u00e9gie et d\u00e9ploiement IA<\/h2>\n\n\n\n<figure class=\"wp-block-image size-large\"><img loading=\"lazy\" decoding=\"async\" width=\"1024\" height=\"683\" src=\"https:\/\/www.ddcm.fr\/wp-content\/uploads\/2026\/03\/collaboration-scaled-1-1024x683.jpg\" alt=\"\" class=\"wp-image-262\" srcset=\"https:\/\/www.ddcm.fr\/wp-content\/uploads\/2026\/03\/collaboration-scaled-1-1024x683.jpg 1024w, https:\/\/www.ddcm.fr\/wp-content\/uploads\/2026\/03\/collaboration-scaled-1-300x200.jpg 300w, https:\/\/www.ddcm.fr\/wp-content\/uploads\/2026\/03\/collaboration-scaled-1-768x512.jpg 768w, https:\/\/www.ddcm.fr\/wp-content\/uploads\/2026\/03\/collaboration-scaled-1-1536x1024.jpg 1536w, https:\/\/www.ddcm.fr\/wp-content\/uploads\/2026\/03\/collaboration-scaled-1-2048x1366.jpg 2048w\" sizes=\"auto, (max-width: 1024px) 100vw, 1024px\" \/><\/figure>\n\n\n\n<p>Pourquoi structurer la gouvernance Data\/IA et l\u2019organisation m\u00e9tier?<\/p>\n\n\n\n<p>Dans les environnements industriels et technologiques B2B, la complexit\u00e9 des donn\u00e9es et des cycles de vente cr\u00e9e des inefficiences structurelles : silos d\u00e9cisionnels, manque d\u2019alignement strat\u00e9gique, perte de performance commerciale.<br>Une gouvernance Data\/IA structur\u00e9e et une organisation m\u00e9tier optimis\u00e9e sont aujourd\u2019hui des leviers d\u00e9terminants de comp\u00e9titivit\u00e9.<br><\/p>\n\n\n\n<div class=\"wp-block-columns is-layout-flex wp-container-core-columns-is-layout-28f84493 wp-block-columns-is-layout-flex\">\n<div class=\"wp-block-column is-layout-flow wp-block-column-is-layout-flow\">\n<p><strong>Structurer la gouvernance Data\/IA<\/strong><\/p>\n\n\n\n<ul class=\"wp-block-list\">\n<li>Clarification des responsabilit\u00e9s<\/li>\n\n\n\n<li>Priorisation des cas d\u2019usage<\/li>\n\n\n\n<li>Alignement strat\u00e9gique &amp; ROI<\/li>\n<\/ul>\n<\/div>\n\n\n\n<div class=\"wp-block-column is-layout-flow wp-block-column-is-layout-flow\">\n<p><strong>Optimiser les organisations et les d\u00e9cisions<\/strong><\/p>\n\n\n\n<ul class=\"wp-block-list\">\n<li>Industrialisation des processus m\u00e9tier<\/li>\n\n\n\n<li>Pilotage KPI &amp; performance<\/li>\n\n\n\n<li>R\u00e9duction des cycles de d\u00e9cision<\/li>\n<\/ul>\n<\/div>\n<\/div>\n\n\n\n<h2 class=\"wp-block-heading\" id=\"Veille\">Conseil Expert et Veille Technologique, Formation<\/h2>\n\n\n\n<figure class=\"wp-block-image size-full\"><img loading=\"lazy\" decoding=\"async\" width=\"788\" height=\"609\" src=\"https:\/\/www.ddcm.fr\/wp-content\/uploads\/2026\/03\/veille-technologique.jpg\" alt=\"\" class=\"wp-image-257\" srcset=\"https:\/\/www.ddcm.fr\/wp-content\/uploads\/2026\/03\/veille-technologique.jpg 788w, https:\/\/www.ddcm.fr\/wp-content\/uploads\/2026\/03\/veille-technologique-300x232.jpg 300w, https:\/\/www.ddcm.fr\/wp-content\/uploads\/2026\/03\/veille-technologique-768x594.jpg 768w\" sizes=\"auto, (max-width: 788px) 100vw, 788px\" \/><\/figure>\n\n\n\n<p>Le paysage de l\u2019Intelligence Artificielle \u00e9volue \u00e0 une vitesse fulgurante, offrant aux entreprises un potentiel de productivit\u00e9 in\u00e9dit. Pourtant, face aux annonces incessantes, \u00e0 la complexit\u00e9 technique et aux incertitudes concernant le retour sur investissement, les PME se retrouvent souvent d\u00e9munies pour initier leur transformation.<\/p>\n\n\n\n<p>Que ce soit pour du <strong>conseil <\/strong>ou de la <strong>formation<\/strong>, Data Dynamics Consulting vous accompagne vers le bon usage de l&#8217;IA, l&#8217;automatisation de vos process de mani\u00e8re s\u00fbre et responsable.<\/p>\n\n\n\n<h2 class=\"wp-block-heading\" id=\"Freelance\">Freelance : Chef de projet Transformation num\u00e9rique \/ IA<\/h2>\n\n\n\n<p>Vous cherchez un renfort pour mener \u00e0 bien <strong>votre projet<\/strong>, qui maitrise \u00e0 la fois la strat\u00e9gie, la technologie, l&#8217;excellence op\u00e9rationnelle et la performance commerciale.<\/p>\n\n\n\n<figure class=\"wp-block-image size-full\"><img loading=\"lazy\" decoding=\"async\" width=\"612\" height=\"408\" src=\"https:\/\/www.ddcm.fr\/wp-content\/uploads\/2026\/03\/Freelance-teamwork.jpg\" alt=\"\" class=\"wp-image-268\" srcset=\"https:\/\/www.ddcm.fr\/wp-content\/uploads\/2026\/03\/Freelance-teamwork.jpg 612w, https:\/\/www.ddcm.fr\/wp-content\/uploads\/2026\/03\/Freelance-teamwork-300x200.jpg 300w\" sizes=\"auto, (max-width: 612px) 100vw, 612px\" \/><figcaption class=\"wp-element-caption\">Happy young multiracial diverse business people in formal wear watching two male confident partners shaking hands, establishing profitable cooperation, celebrating successful collaboration at meeting.<\/figcaption><\/figure>\n","protected":false},"excerpt":{"rendered":"<p>D\u00e9finir et Impl\u00e9menter la solution IA de confiance, et d&#8217;automatisation adapt\u00e9e \u00e0 vos besoins Nous concevons des strat\u00e9gies de donn\u00e9es, en parfaite ad\u00e9quation avec vos objectifs d&#8217;entreprise. Maitrise d&#8217;oeuvre: strat\u00e9gie et d\u00e9ploiement IA Pourquoi structurer la gouvernance Data\/IA et l\u2019organisation m\u00e9tier? Dans les environnements industriels et technologiques B2B, la complexit\u00e9 des donn\u00e9es et des cycles [&hellip;]<\/p>\n","protected":false},"author":1,"featured_media":0,"parent":0,"menu_order":0,"comment_status":"closed","ping_status":"closed","template":"","meta":{"footnotes":""},"class_list":["post-242","page","type-page","status-publish","hentry"],"aioseo_notices":[],"_links":{"self":[{"href":"https:\/\/www.ddcm.fr\/index.php?rest_route=\/wp\/v2\/pages\/242","targetHints":{"allow":["GET"]}}],"collection":[{"href":"https:\/\/www.ddcm.fr\/index.php?rest_route=\/wp\/v2\/pages"}],"about":[{"href":"https:\/\/www.ddcm.fr\/index.php?rest_route=\/wp\/v2\/types\/page"}],"author":[{"embeddable":true,"href":"https:\/\/www.ddcm.fr\/index.php?rest_route=\/wp\/v2\/users\/1"}],"replies":[{"embeddable":true,"href":"https:\/\/www.ddcm.fr\/index.php?rest_route=%2Fwp%2Fv2%2Fcomments&post=242"}],"version-history":[{"count":17,"href":"https:\/\/www.ddcm.fr\/index.php?rest_route=\/wp\/v2\/pages\/242\/revisions"}],"predecessor-version":[{"id":295,"href":"https:\/\/www.ddcm.fr\/index.php?rest_route=\/wp\/v2\/pages\/242\/revisions\/295"}],"wp:attachment":[{"href":"https:\/\/www.ddcm.fr\/index.php?rest_route=%2Fwp%2Fv2%2Fmedia&parent=242"}],"curies":[{"name":"wp","href":"https:\/\/api.w.org\/{rel}","templated":true}]}}