{"id":3,"date":"2025-10-13T15:14:30","date_gmt":"2025-10-13T15:14:30","guid":{"rendered":"http:\/\/www.datadynamics.ddcm.fr\/?page_id=3"},"modified":"2026-03-27T19:45:06","modified_gmt":"2026-03-27T19:45:06","slug":"privacy-policy","status":"publish","type":"page","link":"https:\/\/www.ddcm.fr\/?page_id=3","title":{"rendered":"Privacy Policy"},"content":{"rendered":"\n<h2 class=\"wp-block-heading\">Mentions l\u00e9gales \u2014 www.ddcm.fr<\/h2>\n\n\n\n<p><\/p>\n\n\n\n<p><strong>Nom de la soci\u00e9t\u00e9<\/strong> : SAS Data Dynamics Consulting<\/p>\n\n\n\n<ul class=\"wp-block-list\">\n<li><strong>SIRET \/ RCS<\/strong> : 100 003 417 R.C.S. Versailles<\/li>\n<\/ul>\n\n\n\n<ul class=\"wp-block-list\">\n<li><strong>Adresse du si\u00e8ge social<\/strong> : rue des bourdonnais, Versailles<\/li>\n<\/ul>\n\n\n\n<ul class=\"wp-block-list\">\n<li><strong>Email de contact public<\/strong> : jcm@ddcm.fr<\/li>\n<\/ul>\n\n\n\n<ul class=\"wp-block-list\">\n<li><strong>Directeur de publication<\/strong> : Jean-Charles Monceau<\/li>\n<\/ul>\n\n\n\n<p><strong>H\u00e9bergement du site: <\/strong><\/p>\n\n\n\n<ul class=\"wp-block-list\">\n<li>OVH SAS: 2 rue Kellermann, 59100 Roubaix<\/li>\n<\/ul>\n\n\n\n<p><\/p>\n\n\n\n<p><strong>Propri\u00e9t\u00e9 intellectuelle:<\/strong> Tous les contenus de ce site sont prot\u00e9g\u00e9s par le droit d&#8217;auteur.<\/p>\n\n\n\n<p><br><strong>Donn\u00e9es personnelles:<\/strong><\/p>\n\n\n\n<ul class=\"wp-block-list\">\n<li>Responsable du traitement : Jean-Charles Monceau<\/li>\n\n\n\n<li>Finalit\u00e9 : formulaire de contact <\/li>\n\n\n\n<li>Base l\u00e9gale : consentement de l&#8217;utilisateur <\/li>\n\n\n\n<li>Droits : acc\u00e8s, rectification, suppression \u2192 jcm@ddcm.fr<\/li>\n\n\n\n<li>R\u00e9clamation : www.cnil.fr<\/li>\n<\/ul>\n","protected":false},"excerpt":{"rendered":"<p>Mentions l\u00e9gales \u2014 www.ddcm.fr Nom de la soci\u00e9t\u00e9 : SAS Data Dynamics Consulting H\u00e9bergement du site: Propri\u00e9t\u00e9 intellectuelle: Tous les contenus de ce site sont prot\u00e9g\u00e9s par le droit d&#8217;auteur. Donn\u00e9es personnelles:<\/p>\n","protected":false},"author":1,"featured_media":0,"parent":0,"menu_order":0,"comment_status":"closed","ping_status":"open","template":"","meta":{"footnotes":""},"class_list":["post-3","page","type-page","status-publish","hentry"],"aioseo_notices":[],"_links":{"self":[{"href":"https:\/\/www.ddcm.fr\/index.php?rest_route=\/wp\/v2\/pages\/3","targetHints":{"allow":["GET"]}}],"collection":[{"href":"https:\/\/www.ddcm.fr\/index.php?rest_route=\/wp\/v2\/pages"}],"about":[{"href":"https:\/\/www.ddcm.fr\/index.php?rest_route=\/wp\/v2\/types\/page"}],"author":[{"embeddable":true,"href":"https:\/\/www.ddcm.fr\/index.php?rest_route=\/wp\/v2\/users\/1"}],"replies":[{"embeddable":true,"href":"https:\/\/www.ddcm.fr\/index.php?rest_route=%2Fwp%2Fv2%2Fcomments&post=3"}],"version-history":[{"count":2,"href":"https:\/\/www.ddcm.fr\/index.php?rest_route=\/wp\/v2\/pages\/3\/revisions"}],"predecessor-version":[{"id":298,"href":"https:\/\/www.ddcm.fr\/index.php?rest_route=\/wp\/v2\/pages\/3\/revisions\/298"}],"wp:attachment":[{"href":"https:\/\/www.ddcm.fr\/index.php?rest_route=%2Fwp%2Fv2%2Fmedia&parent=3"}],"curies":[{"name":"wp","href":"https:\/\/api.w.org\/{rel}","templated":true}]}}